{"id":1238,"date":"2021-06-01T15:38:43","date_gmt":"2021-06-01T15:38:43","guid":{"rendered":"http:\/\/sample.solutionzbay.com\/?page_id=1238"},"modified":"2021-06-08T14:39:14","modified_gmt":"2021-06-08T14:39:14","slug":"kinross-chirano","status":"publish","type":"page","link":"https:\/\/sample.solutionzbay.com\/","title":{"rendered":"KINROSS Chirano"},"content":{"rendered":"<h1>Call for Tenders<\/h1>\n<ul>\n<li>\n        <a href=\"#\">Call for Tenders<\/a>\n    <\/li>\n<li>\n        <a href=\"#\">TMLSA procurement process<\/a>\n    <\/li>\n<li>\n        <a href=\"#\">TMLSA Local Professional Program (&#8220;LBP&#8221;)<\/a>\n    <\/li>\n<li>\n        <a href=\"#\">Supplier standards of conduct<\/a>\n    <\/li>\n<li>\n        <a href=\"#\">Supplier due diligence<\/a>\n    <\/li>\n<li>\n        <a href=\"#\">Policies and contractual clauses<\/a>\n    <\/li>\n<li>\n        <a href=\"#\">News<\/a>\n    <\/li>\n<li>\n        <a href=\"#\">Contact Us<\/a>\n    <\/li>\n<\/ul>\n<div>\n<div class=\"info-table\"><span><img decoding=\"async\" src=\"\/wp-content\/uploads\/2021\/06\/success.png\" alt=\"success\" \/> Open EOIs<\/span>\u00a0 \u00a0 \u00a0<span><img decoding=\"async\" src=\"\/wp-content\/uploads\/2021\/06\/error.png\" alt=\"error\" \/> Closed EOIs<\/span><\/div>\n<\/div>\n<div>\n<p>    <html><br \/>\n<head><\/p>\n<style>\ntable {\n  <!-- font-family: arial, sans-serif; -->\n  border-collapse: collapse;\n  width: 100%;\n}<\/p>\n<p>td, th {\n  border: 1px solid #dddddd;\n  text-align: left;\n  padding: 8px;\n}<\/p>\n<p>tr:nth-child(even) {\n  background-color: #dddddd;\n}\n<\/style>\n<p><\/head><br \/>\n<body><\/p>\n<p><!-- \n\n<h2>HTML Table<\/h2>\n\n --><\/p>\n<table>\n<tr style=\"background-color:#000000;color:#ffffff;\">\n<th>Status<\/th>\n<th>EOI no.<\/th>\n<th>EOI Name<\/th>\n<th>Open Date<\/th>\n<th>Close Date<\/th>\n<th>Location<\/th>\n<th><\/th>\n<\/tr>\n<tr style=\"background-color:#FFFFFF;color:#000000;\">\n<td><span><img decoding=\"async\" src=\"\/wp-content\/uploads\/2021\/06\/success.png\" alt=\"success\"><\/span><\/td>\n<td>TASCRS-4341<\/td>\n<td>6.6KV TRANSMISSION LINE UPGRADE WORKS\/ TRAVAUX DE MISE A NIVEAU DE LA LIGNE DE TRANSMISSION DE 6,6 KV<\/td>\n<td>01\/06\/2021<\/td>\n<td>15\/06\/2021<\/td>\n<td>Tasiast Site<\/td>\n<td><a class=\"uk-button uk-button-primary\" href=\"\">OpenRFP<\/a><\/td>\n<\/tr>\n<tr style=\"background-color:#FFFFFF;color:#000000;\">\n<td><span><img decoding=\"async\" src=\"\/wp-content\/uploads\/2021\/06\/success.png\" alt=\"success\"><\/span><\/td>\n<td>TASCRS-4319<\/td>\n<td>PRINTER MAINTENANCE SERVICE\/ SERVICE DE MAINTENANCE D\u2019IMPRIMANTE<\/td>\n<td>26\/05\/2021<\/td>\n<td>10\/06\/2021<\/td>\n<td>Tasiast Site &#038; Nouakchott Office<\/td>\n<td><a class=\"uk-button uk-button-primary\" href=\"\">OpenRFP<\/a><\/td>\n<\/tr>\n<tr style=\"background-color:#FFB2B2;color:#000000;\">\n<td><span><img decoding=\"async\" src=\"\/wp-content\/uploads\/2021\/06\/error.png\" alt=\"error\"><\/span><\/td>\n<td>TASCRS-4286<\/td>\n<td>The achievement of a Socio-Economic Impact Assessment (SIA) 2021\/ la r\u00e9alisation d&#8217;une \u00e9valuation des effets socio-\u00e9conomiques (EES) 2021<\/td>\n<td>27\/04\/2021<\/td>\n<td>12\/05\/2021<\/td>\n<td>Nouakchott<\/td>\n<td><\/td>\n<\/tr>\n<tr style=\"background-color:#FFB2B2;color:#000000;\">\n<td><span><img decoding=\"async\" src=\"\/wp-content\/uploads\/2021\/06\/error.png\" alt=\"error\"><\/span><\/td>\n<td>TASCRS-4258<\/td>\n<td>MAN-CATS DIAGNOSTIC SYSTEM<\/td>\n<td>20\/04\/2021<\/td>\n<td>04\/05\/2021<\/td>\n<td>Tasiast site<\/td>\n<td><\/td>\n<\/tr>\n<tr style=\"background-color:#FFB2B2;color:#000000;\">\n<td><span><img decoding=\"async\" src=\"\/wp-content\/uploads\/2021\/06\/error.png\" alt=\"error\"><\/span><\/td>\n<td>TH015<\/td>\n<td>Oils and Lubricants\/ Carburants et de lubrifiants Open Date: 19th April, 2021<\/td>\n<td>19\/04\/2021<\/td>\n<td>24\/05\/2021<\/td>\n<td>Tasiast, Mauritania<\/td>\n<td><\/td>\n<\/tr>\n<tr style=\"background-color:#FFB2B2;color:#000000;\">\n<td><span><img decoding=\"async\" src=\"\/wp-content\/uploads\/2021\/06\/error.png\" alt=\"error\"><\/span><\/td>\n<td>KTS 0052<\/td>\n<td>Supply of Information Technology Equipment \/ Fournitured&#8217;\u00e9quipement informatique<\/td>\n<td>15\/04\/2021<\/td>\n<td>29\/04\/2021<\/td>\n<td>Tasiast site<\/td>\n<td><\/td>\n<\/tr>\n<\/table>\n<p><\/body><br \/>\n<\/html>\n<\/div>\n<p><!--more--><br \/>\n<!-- {\"type\":\"layout\",\"children\":[{\"type\":\"section\",\"props\":{\"style\":\"default\",\"width\":\"\",\"vertical_align\":\"middle\",\"title_position\":\"top-left\",\"title_rotation\":\"left\",\"title_breakpoint\":\"xl\",\"image_position\":\"center-center\",\"image\":\"wp-content\\\/uploads\\\/2021\\\/06\\\/banner.jpg\",\"header_transparent\":\"light\",\"height\":\"expand\",\"padding\":\"large\",\"padding_remove_horizontal\":true,\"image_size\":\"cover\"},\"children\":[{\"type\":\"row\",\"children\":[{\"type\":\"column\",\"props\":{\"image_position\":\"center-center\",\"media_overlay_gradient\":\"\"},\"children\":[]}]}]},{\"type\":\"section\",\"props\":{\"style\":\"default\",\"width\":\"default\",\"vertical_align\":\"middle\",\"title_position\":\"top-left\",\"title_rotation\":\"left\",\"title_breakpoint\":\"xl\",\"image_position\":\"center-center\",\"image\":\"wp-content\\\/uploads\\\/yootheme\\\/feature-integrations-jira-integrations.svg\",\"image_size\":\"cover\",\"media_overlay\":\"#D2D1D1\"},\"children\":[{\"type\":\"row\",\"children\":[{\"type\":\"column\",\"props\":{\"image_position\":\"center-center\",\"media_overlay_gradient\":\"\"},\"children\":[{\"type\":\"headline\",\"props\":{\"title_element\":\"h1\",\"text_align\":\"center\",\"content\":\"Call for Tenders\"}}]}]}]},{\"type\":\"section\",\"props\":{\"style\":\"secondary\",\"width\":\"default\",\"vertical_align\":\"middle\",\"title_position\":\"top-left\",\"title_rotation\":\"left\",\"title_breakpoint\":\"xl\",\"image_position\":\"center-center\"},\"children\":[{\"type\":\"row\",\"children\":[{\"type\":\"column\",\"props\":{\"image_position\":\"center-center\",\"media_overlay_gradient\":\"\"},\"children\":[{\"type\":\"subnav\",\"props\":{\"text_align\":\"center\",\"subnav_style\":\"pill\",\"margin_remove_top\":false,\"margin_remove_bottom\":false},\"children\":[{\"type\":\"subnav_item\",\"props\":{\"content\":\"Call for Tenders\",\"link\":\"#\"}},{\"type\":\"subnav_item\",\"props\":{\"content\":\"TMLSA procurement process\",\"link\":\"#\"}},{\"type\":\"subnav_item\",\"props\":{\"content\":\"TMLSA Local Professional Program (\\\"LBP\\\")\",\"link\":\"#\"}},{\"type\":\"subnav_item\",\"props\":{\"content\":\"Supplier standards of conduct\",\"link\":\"#\"}},{\"type\":\"subnav_item\",\"props\":{\"content\":\"Supplier due diligence\",\"link\":\"#\"}},{\"type\":\"subnav_item\",\"props\":{\"content\":\"Policies and contractual clauses\",\"link\":\"#\"}},{\"type\":\"subnav_item\",\"props\":{\"content\":\"News\",\"link\":\"#\"}},{\"type\":\"subnav_item\",\"props\":{\"content\":\"Contact Us\",\"link\":\"#\"}}]}]}]}]},{\"type\":\"section\",\"props\":{\"style\":\"default\",\"width\":\"expand\",\"vertical_align\":\"middle\",\"title_position\":\"top-left\",\"title_rotation\":\"left\",\"title_breakpoint\":\"xl\",\"image_position\":\"center-center\",\"padding_remove_horizontal\":true},\"children\":[{\"type\":\"row\",\"children\":[{\"type\":\"column\",\"props\":{\"image_position\":\"center-center\",\"media_overlay_gradient\":\"\"},\"children\":[{\"type\":\"html\",\"props\":{\"content\":\"\n\n<div class=\\\"info-table\\\"><span><img src=\\\"wp-content\\\/uploads\\\/2021\\\/06\\\/success.png\\\" alt=\\\"success\\\" \\\/> Open EOIs<\\\/span>\\u00a0 \\u00a0 \\u00a0<span><img src=\\\"wp-content\\\/uploads\\\/2021\\\/06\\\/error.png\\\" alt=\\\"error\\\" \\\/> Closed EOIs<\\\/span><\\\/div>\"}}]}]},{\"type\":\"row\",\"children\":[{\"type\":\"column\",\"props\":{\"image_position\":\"center-center\",\"media_overlay_gradient\":\"\"},\"children\":[{\"type\":\"html\",\"props\":{\"content\":\"<html>\\n<head>\\n\n\n<style>\\ntable {\\n  <!-- font-family: arial, sans-serif; -->\\n  border-collapse: collapse;\\n  width: 100%;\\n}\\n\\ntd, th {\\n  border: 1px solid #dddddd;\\n  text-align: left;\\n  padding: 8px;\\n}\\n\\ntr:nth-child(even) {\\n  background-color: #dddddd;\\n}\\n<\\\/style>\\n<\\\/head>\\n<body>\\n\\n<!-- \n\n<h2>HTML Table<\\\/h2> -->\\n\\n<\/p>\n<table>\\n  <\/p>\n<tr style=\\\"background-color:#000000;color:#ffffff;\\\">\\n    <\/p>\n<th>Status<\\\/th>\\n    <\/p>\n<th>EOI no.<\\\/th>\\n    <\/p>\n<th>EOI Name<\\\/th>\\n    <\/p>\n<th>Open Date<\\\/th>\\n    <\/p>\n<th>Close Date<\\\/th>\\n    <\/p>\n<th>Location<\\\/th>\\n    <\/p>\n<th><\\\/th>\\n  <\\\/tr>\\n  <\/p>\n<tr style=\\\"background-color:#FFFFFF;color:#000000;\\\">\\n    <\/p>\n<td><span><img src=\\\"wp-content\\\/uploads\\\/2021\\\/06\\\/success.png\\\" alt=\\\"success\\\"><\\\/span><\\\/td>\\n    <\/p>\n<td>TASCRS-4341<\\\/td>\\n    <\/p>\n<td>6.6KV TRANSMISSION LINE UPGRADE WORKS\\\/ TRAVAUX DE MISE A NIVEAU DE LA LIGNE DE TRANSMISSION DE 6,6 KV<\\\/td>\\n    <\/p>\n<td>01\\\/06\\\/2021<\\\/td>\\n    <\/p>\n<td>15\\\/06\\\/2021<\\\/td>\\n    <\/p>\n<td>Tasiast Site<\\\/td>\\n    <\/p>\n<td><a class=\\\"uk-button uk-button-primary\\\" href=\\\"\\\">OpenRFP<\\\/a><\\\/td>\\n  <\\\/tr>\\n  <\/p>\n<tr style=\\\"background-color:#FFFFFF;color:#000000;\\\">\\n<\/p>\n<td><span><img src=\\\"wp-content\\\/uploads\\\/2021\\\/06\\\/success.png\\\" alt=\\\"success\\\"><\\\/span><\\\/td>\\n    <\/p>\n<td>TASCRS-4319<\\\/td>\\n    <\/p>\n<td>PRINTER MAINTENANCE SERVICE\\\/ SERVICE DE MAINTENANCE D\\u2019IMPRIMANTE<\\\/td>\\n    <\/p>\n<td>26\\\/05\\\/2021<\\\/td>\\n    <\/p>\n<td>10\\\/06\\\/2021<\\\/td>\\n    <\/p>\n<td>Tasiast Site &#038; Nouakchott Office<\\\/td>\\n    <\/p>\n<td><a class=\\\"uk-button uk-button-primary\\\" href=\\\"\\\">OpenRFP<\\\/a><\\\/td>\\n    <\\\/tr>\\n  <\/p>\n<tr style=\\\"background-color:#FFB2B2;color:#000000;\\\">\\n<\/p>\n<td><span><img src=\\\"wp-content\\\/uploads\\\/2021\\\/06\\\/error.png\\\" alt=\\\"error\\\"><\\\/span><\\\/td>\\n    <\/p>\n<td>TASCRS-4286<\\\/td>\\n    <\/p>\n<td>The achievement of a Socio-Economic Impact Assessment (SIA) 2021\\\/ la r\\u00e9alisation d&#8217;une \\u00e9valuation des effets socio-\\u00e9conomiques (EES) 2021<\\\/td>\\n    <\/p>\n<td>27\\\/04\\\/2021<\\\/td>\\n    <\/p>\n<td>12\\\/05\\\/2021<\\\/td>\\n    <\/p>\n<td>Nouakchott<\\\/td>\\n    <\/p>\n<td><\\\/td>\\n  <\\\/tr>\\n  <\/p>\n<tr style=\\\"background-color:#FFB2B2;color:#000000;\\\">\\n<\/p>\n<td><span><img src=\\\"wp-content\\\/uploads\\\/2021\\\/06\\\/error.png\\\" alt=\\\"error\\\"><\\\/span><\\\/td>\\n    <\/p>\n<td>TASCRS-4258<\\\/td>\\n    <\/p>\n<td>MAN-CATS DIAGNOSTIC SYSTEM<\\\/td>\\n    <\/p>\n<td>20\\\/04\\\/2021<\\\/td>\\n    <\/p>\n<td>04\\\/05\\\/2021<\\\/td>\\n    <\/p>\n<td>Tasiast site<\\\/td>\\n    <\/p>\n<td><\\\/td>\\n  <\\\/tr>\\n  <\/p>\n<tr style=\\\"background-color:#FFB2B2;color:#000000;\\\">\\n<\/p>\n<td><span><img src=\\\"wp-content\\\/uploads\\\/2021\\\/06\\\/error.png\\\" alt=\\\"error\\\"><\\\/span><\\\/td>\\n    <\/p>\n<td>TH015<\\\/td>\\n    <\/p>\n<td>Oils and Lubricants\\\/ Carburants et de lubrifiants Open Date: 19th April, 2021<\\\/td>\\n    <\/p>\n<td>19\\\/04\\\/2021<\\\/td>\\n    <\/p>\n<td>24\\\/05\\\/2021<\\\/td>\\n    <\/p>\n<td>Tasiast, Mauritania<\\\/td>\\n    <\/p>\n<td><\\\/td>\\n  <\\\/tr>\\n  <\/p>\n<tr style=\\\"background-color:#FFB2B2;color:#000000;\\\">\\n<\/p>\n<td><span><img src=\\\"wp-content\\\/uploads\\\/2021\\\/06\\\/error.png\\\" alt=\\\"error\\\"><\\\/span><\\\/td>\\n    <\/p>\n<td>KTS 0052<\\\/td>\\n    <\/p>\n<td>Supply of Information Technology Equipment \\\/ Fournitured&#8217;\\u00e9quipement informatique<\\\/td>\\n    <\/p>\n<td>15\\\/04\\\/2021<\\\/td>\\n    <\/p>\n<td>29\\\/04\\\/2021<\\\/td>\\n    <\/p>\n<td>Tasiast site<\\\/td>\\n    <\/p>\n<td><\\\/td>\\n  <\\\/tr>\\n<\\\/table>\\n\\n<\\\/body>\\n<\\\/html>&#8220;}}]}]}]}],&#8221;version&#8221;:&#8221;2.4.16&#8243;} &#8211;><\/p>\n","protected":false},"excerpt":{"rendered":"<p>Call for Tenders Call for Tenders TMLSA procurement process TMLSA Local Professional Program (&#8220;LBP&#8221;) Supplier standards of conduct Supplier due diligence Policies and contractual clauses News Contact Us Open EOIs\u00a0 \u00a0 \u00a0 Closed EOIs Status EOI no. EOI Name Open Date Close Date Location TASCRS-4341 6.6KV TRANSMISSION LINE UPGRADE WORKS\/ TRAVAUX DE MISE A NIVEAU [&hellip;]<\/p>\n","protected":false},"author":1,"featured_media":0,"parent":0,"menu_order":0,"comment_status":"closed","ping_status":"closed","template":"","meta":{"_acf_changed":false,"footnotes":""},"class_list":["post-1238","page","type-page","status-publish","hentry"],"acf":[],"yoast_head":"<!-- This site is optimized with the Yoast SEO plugin v27.4 - https:\/\/yoast.com\/product\/yoast-seo-wordpress\/ -->\n<title>KINROSS Chirano - SolutionzBay - Sample<\/title>\n<meta name=\"robots\" content=\"index, follow, max-snippet:-1, max-image-preview:large, max-video-preview:-1\" \/>\n<link rel=\"canonical\" href=\"http:\/\/sample.solutionzbay.com\/\" \/>\n<meta property=\"og:locale\" content=\"en_US\" \/>\n<meta property=\"og:type\" content=\"article\" \/>\n<meta property=\"og:title\" content=\"KINROSS Chirano - SolutionzBay - Sample\" \/>\n<meta property=\"og:description\" content=\"Call for Tenders Call for Tenders TMLSA procurement process TMLSA Local Professional Program (&#8220;LBP&#8221;) Supplier standards of conduct Supplier due diligence Policies and contractual clauses News Contact Us Open EOIs\u00a0 \u00a0 \u00a0 Closed EOIs Status EOI no. EOI Name Open Date Close Date Location TASCRS-4341 6.6KV TRANSMISSION LINE UPGRADE WORKS\/ TRAVAUX DE MISE A NIVEAU [&hellip;]\" \/>\n<meta property=\"og:url\" content=\"http:\/\/sample.solutionzbay.com\/\" \/>\n<meta property=\"og:site_name\" content=\"SolutionzBay - Sample\" \/>\n<meta property=\"article:modified_time\" content=\"2021-06-08T14:39:14+00:00\" \/>\n<meta name=\"twitter:card\" content=\"summary_large_image\" \/>\n<meta name=\"twitter:label1\" content=\"Est. reading time\" \/>\n\t<meta name=\"twitter:data1\" content=\"2 minutes\" \/>\n<script type=\"application\/ld+json\" class=\"yoast-schema-graph\">{\"@context\":\"https:\\\/\\\/schema.org\",\"@graph\":[{\"@type\":\"WebPage\",\"@id\":\"http:\\\/\\\/sample.solutionzbay.com\\\/\",\"url\":\"http:\\\/\\\/sample.solutionzbay.com\\\/\",\"name\":\"KINROSS Chirano - SolutionzBay - Sample\",\"isPartOf\":{\"@id\":\"http:\\\/\\\/sample.solutionzbay.com\\\/#website\"},\"datePublished\":\"2021-06-01T15:38:43+00:00\",\"dateModified\":\"2021-06-08T14:39:14+00:00\",\"breadcrumb\":{\"@id\":\"http:\\\/\\\/sample.solutionzbay.com\\\/#breadcrumb\"},\"inLanguage\":\"en-US\",\"potentialAction\":[{\"@type\":\"ReadAction\",\"target\":[\"http:\\\/\\\/sample.solutionzbay.com\\\/\"]}]},{\"@type\":\"BreadcrumbList\",\"@id\":\"http:\\\/\\\/sample.solutionzbay.com\\\/#breadcrumb\",\"itemListElement\":[{\"@type\":\"ListItem\",\"position\":1,\"name\":\"Home\",\"item\":\"http:\\\/\\\/sample.solutionzbay.com\\\/\"},{\"@type\":\"ListItem\",\"position\":2,\"name\":\"KINROSS Chirano\"}]},{\"@type\":\"WebSite\",\"@id\":\"http:\\\/\\\/sample.solutionzbay.com\\\/#website\",\"url\":\"http:\\\/\\\/sample.solutionzbay.com\\\/\",\"name\":\"SolutionzBay - Sample\",\"description\":\"Relevant Solutions\",\"potentialAction\":[{\"@type\":\"SearchAction\",\"target\":{\"@type\":\"EntryPoint\",\"urlTemplate\":\"http:\\\/\\\/sample.solutionzbay.com\\\/?s={search_term_string}\"},\"query-input\":{\"@type\":\"PropertyValueSpecification\",\"valueRequired\":true,\"valueName\":\"search_term_string\"}}],\"inLanguage\":\"en-US\"}]}<\/script>\n<!-- \/ Yoast SEO plugin. -->","yoast_head_json":{"title":"KINROSS Chirano - SolutionzBay - Sample","robots":{"index":"index","follow":"follow","max-snippet":"max-snippet:-1","max-image-preview":"max-image-preview:large","max-video-preview":"max-video-preview:-1"},"canonical":"http:\/\/sample.solutionzbay.com\/","og_locale":"en_US","og_type":"article","og_title":"KINROSS Chirano - SolutionzBay - Sample","og_description":"Call for Tenders Call for Tenders TMLSA procurement process TMLSA Local Professional Program (&#8220;LBP&#8221;) Supplier standards of conduct Supplier due diligence Policies and contractual clauses News Contact Us Open EOIs\u00a0 \u00a0 \u00a0 Closed EOIs Status EOI no. EOI Name Open Date Close Date Location TASCRS-4341 6.6KV TRANSMISSION LINE UPGRADE WORKS\/ TRAVAUX DE MISE A NIVEAU [&hellip;]","og_url":"http:\/\/sample.solutionzbay.com\/","og_site_name":"SolutionzBay - Sample","article_modified_time":"2021-06-08T14:39:14+00:00","twitter_card":"summary_large_image","twitter_misc":{"Est. reading time":"2 minutes"},"schema":{"@context":"https:\/\/schema.org","@graph":[{"@type":"WebPage","@id":"http:\/\/sample.solutionzbay.com\/","url":"http:\/\/sample.solutionzbay.com\/","name":"KINROSS Chirano - SolutionzBay - Sample","isPartOf":{"@id":"http:\/\/sample.solutionzbay.com\/#website"},"datePublished":"2021-06-01T15:38:43+00:00","dateModified":"2021-06-08T14:39:14+00:00","breadcrumb":{"@id":"http:\/\/sample.solutionzbay.com\/#breadcrumb"},"inLanguage":"en-US","potentialAction":[{"@type":"ReadAction","target":["http:\/\/sample.solutionzbay.com\/"]}]},{"@type":"BreadcrumbList","@id":"http:\/\/sample.solutionzbay.com\/#breadcrumb","itemListElement":[{"@type":"ListItem","position":1,"name":"Home","item":"http:\/\/sample.solutionzbay.com\/"},{"@type":"ListItem","position":2,"name":"KINROSS Chirano"}]},{"@type":"WebSite","@id":"http:\/\/sample.solutionzbay.com\/#website","url":"http:\/\/sample.solutionzbay.com\/","name":"SolutionzBay - Sample","description":"Relevant Solutions","potentialAction":[{"@type":"SearchAction","target":{"@type":"EntryPoint","urlTemplate":"http:\/\/sample.solutionzbay.com\/?s={search_term_string}"},"query-input":{"@type":"PropertyValueSpecification","valueRequired":true,"valueName":"search_term_string"}}],"inLanguage":"en-US"}]}},"_links":{"self":[{"href":"https:\/\/sample.solutionzbay.com\/index.php?rest_route=\/wp\/v2\/pages\/1238","targetHints":{"allow":["GET"]}}],"collection":[{"href":"https:\/\/sample.solutionzbay.com\/index.php?rest_route=\/wp\/v2\/pages"}],"about":[{"href":"https:\/\/sample.solutionzbay.com\/index.php?rest_route=\/wp\/v2\/types\/page"}],"author":[{"embeddable":true,"href":"https:\/\/sample.solutionzbay.com\/index.php?rest_route=\/wp\/v2\/users\/1"}],"replies":[{"embeddable":true,"href":"https:\/\/sample.solutionzbay.com\/index.php?rest_route=%2Fwp%2Fv2%2Fcomments&post=1238"}],"version-history":[{"count":17,"href":"https:\/\/sample.solutionzbay.com\/index.php?rest_route=\/wp\/v2\/pages\/1238\/revisions"}],"predecessor-version":[{"id":1284,"href":"https:\/\/sample.solutionzbay.com\/index.php?rest_route=\/wp\/v2\/pages\/1238\/revisions\/1284"}],"wp:attachment":[{"href":"https:\/\/sample.solutionzbay.com\/index.php?rest_route=%2Fwp%2Fv2%2Fmedia&parent=1238"}],"curies":[{"name":"wp","href":"https:\/\/api.w.org\/{rel}","templated":true}]}}